{"id":1600,"date":"2024-10-02T09:53:55","date_gmt":"2024-10-02T09:53:55","guid":{"rendered":"https:\/\/osbf.nu\/?page_id=1600"},"modified":"2025-08-25T09:18:15","modified_gmt":"2025-08-25T09:18:15","slug":"villkor","status":"publish","type":"page","link":"https:\/\/osbf.nu\/index.php\/villkor\/","title":{"rendered":"Villkor"},"content":{"rendered":"<p>[et_pb_section fb_built=&#8221;1&#8243; admin_label=&#8221;Header&#8221; _builder_version=&#8221;4.27.0&#8243; _module_preset=&#8221;default&#8221; background_image=&#8221;https:\/\/osbf.nu\/wp-content\/uploads\/2024\/09\/namnlost-3.jpg&#8221; background_size=&#8221;custom&#8221; background_image_width=&#8221;55%&#8221; background_position=&#8221;center_right&#8221; background_last_edited=&#8221;on|phone&#8221; background_size_tablet=&#8221;cover&#8221; background_image_width_phone=&#8221;90%&#8221; background_position_tablet=&#8221;center&#8221; overflow-x_tablet=&#8221;&#8221; overflow-x_phone=&#8221;hidden&#8221; overflow-x_last_edited=&#8221;on|phone&#8221; overflow-y_tablet=&#8221;&#8221; overflow-y_phone=&#8221;hidden&#8221; overflow-y_last_edited=&#8221;on|phone&#8221; collapsed=&#8221;on&#8221; global_colors_info=&#8221;{}&#8221;][et_pb_row column_structure=&#8221;3_5,2_5&#8243; _builder_version=&#8221;4.18.0&#8243; _module_preset=&#8221;default&#8221; global_colors_info=&#8221;{}&#8221; custom_margin=&#8221;|331px||auto||&#8221;][et_pb_column type=&#8221;3_5&#8243; _builder_version=&#8221;4.18.0&#8243; _module_preset=&#8221;default&#8221; background_color=&#8221;#FFFFFF&#8221; custom_padding=&#8221;50px|50px|50px|50px|true|true&#8221; custom_padding_tablet=&#8221;30px|30px|30px|30px|true|true&#8221; custom_padding_phone=&#8221;20px|20px|20px|20px|true|true&#8221; custom_padding_last_edited=&#8221;on|desktop&#8221; global_colors_info=&#8221;{}&#8221;][et_pb_text content_tablet=&#8221;<\/p>\n<h1>Vi vill g\u00e4rna h\u00f6ra fr\u00e5n dig!<\/h1>\n<p>&#8221; content_phone=&#8221;<\/p>\n<h1>Vi vill g\u00e4rna<\/h1>\n<h1>h\u00f6ra fr\u00e5n dig!<\/h1>\n<p>&#8221; content_last_edited=&#8221;on|phone&#8221; _builder_version=&#8221;4.27.0&#8243; _module_preset=&#8221;c16985e1-e0d6-4022-964d-e2bfc04fa633&#8243; header_font=&#8221;Playfair Display|700|||||||&#8221; header_text_color=&#8221;#000000&#8243; header_font_size=&#8221;75px&#8221; header_line_height=&#8221;1.1em&#8221; custom_margin=&#8221;||6px|||&#8221; header_font_size_tablet=&#8221;40px&#8221; header_font_size_phone=&#8221;32px&#8221; header_font_size_last_edited=&#8221;on|phone&#8221; global_colors_info=&#8221;{}&#8221;]<\/p>\n<h1>Villkor<\/h1>\n<p>[\/et_pb_text][et_pb_text _builder_version=&#8221;4.27.0&#8243; _module_preset=&#8221;518880c8-46c7-4ffa-b5a6-93ffa99dcc17&#8243; text_font=&#8221;&#8211;et_global_body_font|300|||||||&#8221; text_text_color=&#8221;#000000&#8243; text_font_size=&#8221;16px&#8221; link_text_color=&#8221;#7090AE&#8221; text_orientation=&#8221;center&#8221; text_font_size_tablet=&#8221;15px&#8221; text_font_size_phone=&#8221;14px&#8221; text_font_size_last_edited=&#8221;on|phone&#8221; global_colors_info=&#8221;{}&#8221;]<\/p>\n<p style=\"text-align: left;\">F\u00f6r den som vill n\u00f6rda ner sig i v\u00e5ra fullst\u00e4ndiga villkor och v\u00e5r produktfakta finns det tillg\u00e4ngligt p\u00e5 den h\u00e4r sidan!<\/p>\n<p>[\/et_pb_text][\/et_pb_column][et_pb_column type=&#8221;2_5&#8243; _builder_version=&#8221;4.18.0&#8243; _module_preset=&#8221;default&#8221; global_colors_info=&#8221;{}&#8221;][\/et_pb_column][\/et_pb_row][\/et_pb_section][et_pb_section fb_built=&#8221;1&#8243; admin_label=&#8221;Contact Info&#8221; _builder_version=&#8221;4.27.0&#8243; _module_preset=&#8221;default&#8221; background_color=&#8221;#f5f5f5&#8243; hover_enabled=&#8221;0&#8243; collapsed=&#8221;on&#8221; global_colors_info=&#8221;{}&#8221; sticky_enabled=&#8221;0&#8243;][et_pb_row column_structure=&#8221;1_2,1_2&#8243; make_equal=&#8221;on&#8221; _builder_version=&#8221;4.27.0&#8243; _module_preset=&#8221;default&#8221; global_colors_info=&#8221;{}&#8221;][et_pb_column type=&#8221;1_2&#8243; _builder_version=&#8221;4.27.0&#8243; _module_preset=&#8221;default&#8221; background_color=&#8221;#FFFFFF&#8221; custom_padding=&#8221;40px|40px|40px|40px|true|true&#8221; custom_padding_tablet=&#8221;30px|30px|30px|30px|true|true&#8221; custom_padding_phone=&#8221;20px|20px|20px|20px|true|true&#8221; custom_padding_last_edited=&#8221;on|desktop&#8221; box_shadow_style=&#8221;preset4&#8243; box_shadow_spread=&#8221;-3px&#8221; box_shadow_color=&#8221;rgba(182,182,182,0.15)&#8221; global_colors_info=&#8221;{}&#8221;][et_pb_text _builder_version=&#8221;4.27.4&#8243; _module_preset=&#8221;f726c6b6-2fde-4699-9f43-6b2cebd4d1d9&#8243; header_5_font=&#8221;Playfair Display|700|||||||&#8221; header_5_text_color=&#8221;#000000&#8243; header_5_font_size=&#8221;18px&#8221; header_5_line_height=&#8221;1.4em&#8221; text_orientation=&#8221;center&#8221; custom_margin=&#8221;||0px||false|false&#8221; hover_enabled=&#8221;0&#8243; header_5_font_size_tablet=&#8221;16px&#8221; header_5_font_size_phone=&#8221;14px&#8221; header_5_font_size_last_edited=&#8221;on|desktop&#8221; global_colors_info=&#8221;{}&#8221; sticky_enabled=&#8221;0&#8243;]<\/p>\n<h5><a href=\"https:\/\/osbf.nu\/wp-content\/uploads\/2023\/09\/Bat23.pdf\" target=\"_blank\" rel=\"noopener\">Fullst\u00e4ndiga villkor fritidsb\u00e5t<\/a><\/h5>\n<p>[\/et_pb_text][et_pb_text _builder_version=&#8221;4.27.0&#8243; _module_preset=&#8221;1f09816e-184e-4ce5-a4cf-b39c52c423ca&#8221; text_font=&#8221;&#8211;et_global_body_font|300|||||||&#8221; text_text_color=&#8221;#000000&#8243; text_font_size=&#8221;16px&#8221; link_text_color=&#8221;#7090AE&#8221; text_orientation=&#8221;center&#8221; hover_enabled=&#8221;0&#8243; text_font_size_tablet=&#8221;15px&#8221; text_font_size_phone=&#8221;14px&#8221; text_font_size_last_edited=&#8221;on|phone&#8221; header_font_size_tablet=&#8221;55px&#8221; header_font_size_last_edited=&#8221;off|desktop&#8221; global_colors_info=&#8221;{}&#8221; sticky_enabled=&#8221;0&#8243; custom_padding=&#8221;||0px|||&#8221;]<\/p>\n<section class=\"elementor-section elementor-top-section elementor-element elementor-element-75c1830 elementor-section-boxed elementor-section-height-default elementor-section-height-default\" data-id=\"75c1830\" data-element_type=\"section\">\n<div class=\"elementor-container elementor-column-gap-default\">\n<div class=\"elementor-column elementor-col-100 elementor-top-column elementor-element elementor-element-a501dca\" data-id=\"a501dca\" data-element_type=\"column\">\n<div class=\"elementor-widget-wrap elementor-element-populated\">\n<div class=\"elementor-element elementor-element-aa7654f elementor-widget elementor-widget-text-editor\" data-id=\"aa7654f\" data-element_type=\"widget\" data-widget_type=\"text-editor.default\">\n<div class=\"elementor-widget-container\">\n<p>En fullst\u00e4ndig \u00f6versikt \u00f6ver v\u00e5ra villkor.<\/p>\n<\/div>\n<\/div>\n<\/div>\n<\/div>\n<\/div>\n<\/section>\n<section class=\"elementor-section elementor-top-section elementor-element elementor-element-ce92d30 elementor-section-boxed elementor-section-height-default elementor-section-height-default\" data-id=\"ce92d30\" data-element_type=\"section\">\n<div class=\"elementor-container elementor-column-gap-default\">\n<div class=\"elementor-column elementor-col-100 elementor-top-column elementor-element elementor-element-464e72c\" data-id=\"464e72c\" data-element_type=\"column\">\n<div class=\"elementor-widget-wrap elementor-element-populated\">\n<p class=\"elementor-element elementor-element-d3192cb elementor-widget elementor-widget-image\" data-id=\"d3192cb\" data-element_type=\"widget\" data-widget_type=\"image.default\">\n<\/div>\n<\/div>\n<\/div>\n<\/section>\n<p>[\/et_pb_text][\/et_pb_column][et_pb_column type=&#8221;1_2&#8243; _builder_version=&#8221;4.18.0&#8243; _module_preset=&#8221;default&#8221; background_color=&#8221;#FFFFFF&#8221; custom_padding=&#8221;40px|40px|40px|40px|true|true&#8221; custom_padding_tablet=&#8221;30px|30px|30px|30px|true|true&#8221; custom_padding_phone=&#8221;20px|20px|20px|20px|true|true&#8221; custom_padding_last_edited=&#8221;on|desktop&#8221; box_shadow_style=&#8221;preset4&#8243; box_shadow_spread=&#8221;-3px&#8221; box_shadow_color=&#8221;rgba(182,182,182,0.15)&#8221; global_colors_info=&#8221;{}&#8221;][et_pb_text _builder_version=&#8221;4.27.4&#8243; _module_preset=&#8221;f726c6b6-2fde-4699-9f43-6b2cebd4d1d9&#8243; header_5_font=&#8221;Playfair Display|700|||||||&#8221; header_5_text_color=&#8221;#000000&#8243; header_5_font_size=&#8221;18px&#8221; header_5_line_height=&#8221;1.4em&#8221; text_orientation=&#8221;center&#8221; custom_margin=&#8221;||0px||false|false&#8221; hover_enabled=&#8221;0&#8243; header_5_font_size_tablet=&#8221;16px&#8221; header_5_font_size_phone=&#8221;14px&#8221; header_5_font_size_last_edited=&#8221;on|desktop&#8221; global_colors_info=&#8221;{}&#8221; sticky_enabled=&#8221;0&#8243;]<\/p>\n<h5><a href=\"\/\/osbf.nu\/wp-content\/uploads\/2024\/10\/Produktfaktablad-Revision-A.pdf\" target=\"_blank\" rel=\"noopener\">Produktfaktablad fritidsb\u00e5t<\/a><\/h5>\n<p>[\/et_pb_text][et_pb_text _builder_version=&#8221;4.27.0&#8243; _module_preset=&#8221;1f09816e-184e-4ce5-a4cf-b39c52c423ca&#8221; text_font=&#8221;&#8211;et_global_body_font|300|||||||&#8221; text_text_color=&#8221;#000000&#8243; text_font_size=&#8221;16px&#8221; link_text_color=&#8221;#7090AE&#8221; text_orientation=&#8221;center&#8221; text_font_size_tablet=&#8221;15px&#8221; text_font_size_phone=&#8221;14px&#8221; text_font_size_last_edited=&#8221;on|phone&#8221; header_font_size_tablet=&#8221;55px&#8221; header_font_size_last_edited=&#8221;off|desktop&#8221; global_colors_info=&#8221;{}&#8221;]<\/p>\n<section class=\"elementor-section elementor-top-section elementor-element elementor-element-75c1830 elementor-section-boxed elementor-section-height-default elementor-section-height-default\" data-id=\"75c1830\" data-element_type=\"section\">\n<div class=\"elementor-container elementor-column-gap-default\">\n<div class=\"elementor-column elementor-col-100 elementor-top-column elementor-element elementor-element-a501dca\" data-id=\"a501dca\" data-element_type=\"column\">\n<div class=\"elementor-widget-wrap elementor-element-populated\">\n<div class=\"elementor-element elementor-element-aa7654f elementor-widget elementor-widget-text-editor\" data-id=\"aa7654f\" data-element_type=\"widget\" data-widget_type=\"text-editor.default\">\n<div class=\"elementor-widget-container\">\n<p><span>H\u00e4r finna alla fakta samlade om v\u00e5r produkt.<\/span><\/p>\n<\/div>\n<\/div>\n<\/div>\n<\/div>\n<\/div>\n<\/section>\n<section class=\"elementor-section elementor-top-section elementor-element elementor-element-ce92d30 elementor-section-boxed elementor-section-height-default elementor-section-height-default\" data-id=\"ce92d30\" data-element_type=\"section\">\n<div class=\"elementor-container elementor-column-gap-default\">\n<div class=\"elementor-column elementor-col-100 elementor-top-column elementor-element elementor-element-464e72c\" data-id=\"464e72c\" data-element_type=\"column\">\n<div class=\"elementor-widget-wrap elementor-element-populated\">\n<p class=\"elementor-element elementor-element-d3192cb elementor-widget elementor-widget-image\" data-id=\"d3192cb\" data-element_type=\"widget\" data-widget_type=\"image.default\">\n<\/div>\n<\/div>\n<\/div>\n<\/section>\n<p>[\/et_pb_text][\/et_pb_column][\/et_pb_row][\/et_pb_section]<\/p>\n","protected":false},"excerpt":{"rendered":"<p>VillkorF\u00f6r den som vill n\u00f6rda ner sig i v\u00e5ra fullst\u00e4ndiga villkor och v\u00e5r produktfakta finns det tillg\u00e4ngligt p\u00e5 den h\u00e4r sidan!Fullst\u00e4ndiga villkor fritidsb\u00e5t En fullst\u00e4ndig \u00f6versikt \u00f6ver v\u00e5ra villkor. Produktfaktablad fritidsb\u00e5t H\u00e4r finna alla fakta samlade om v\u00e5r produkt.<\/p>\n","protected":false},"author":1,"featured_media":0,"parent":0,"menu_order":0,"comment_status":"closed","ping_status":"closed","template":"","meta":{"_et_pb_use_builder":"on","_et_pb_old_content":"","_et_gb_content_width":"","footnotes":""},"class_list":["post-1600","page","type-page","status-publish","hentry"],"yoast_head":"<!-- This site is optimized with the Yoast SEO plugin v27.4 - https:\/\/yoast.com\/product\/yoast-seo-wordpress\/ -->\n<title>Villkor - \u00d6SB F\u00f6rs\u00e4kringar<\/title>\n<meta name=\"robots\" content=\"index, follow, max-snippet:-1, max-image-preview:large, max-video-preview:-1\" \/>\n<link rel=\"canonical\" href=\"https:\/\/osbf.nu\/index.php\/villkor\/\" \/>\n<meta property=\"og:locale\" content=\"sv_SE\" \/>\n<meta property=\"og:type\" content=\"article\" \/>\n<meta property=\"og:title\" content=\"Villkor - \u00d6SB F\u00f6rs\u00e4kringar\" \/>\n<meta property=\"og:description\" content=\"VillkorF\u00f6r den som vill n\u00f6rda ner sig i v\u00e5ra fullst\u00e4ndiga villkor och v\u00e5r produktfakta finns det tillg\u00e4ngligt p\u00e5 den h\u00e4r sidan!Fullst\u00e4ndiga villkor fritidsb\u00e5t En fullst\u00e4ndig \u00f6versikt \u00f6ver v\u00e5ra villkor. Produktfaktablad fritidsb\u00e5t H\u00e4r finna alla fakta samlade om v\u00e5r produkt.\" \/>\n<meta property=\"og:url\" content=\"https:\/\/osbf.nu\/index.php\/villkor\/\" \/>\n<meta property=\"og:site_name\" content=\"\u00d6SB F\u00f6rs\u00e4kringar\" \/>\n<meta property=\"article:modified_time\" content=\"2025-08-25T09:18:15+00:00\" \/>\n<meta name=\"twitter:card\" content=\"summary_large_image\" \/>\n<script type=\"application\/ld+json\" class=\"yoast-schema-graph\">{\"@context\":\"https:\\\/\\\/schema.org\",\"@graph\":[{\"@type\":\"WebPage\",\"@id\":\"https:\\\/\\\/osbf.nu\\\/index.php\\\/villkor\\\/\",\"url\":\"https:\\\/\\\/osbf.nu\\\/index.php\\\/villkor\\\/\",\"name\":\"Villkor - \u00d6SB F\u00f6rs\u00e4kringar\",\"isPartOf\":{\"@id\":\"https:\\\/\\\/osbf.nu\\\/#website\"},\"datePublished\":\"2024-10-02T09:53:55+00:00\",\"dateModified\":\"2025-08-25T09:18:15+00:00\",\"breadcrumb\":{\"@id\":\"https:\\\/\\\/osbf.nu\\\/index.php\\\/villkor\\\/#breadcrumb\"},\"inLanguage\":\"sv-SE\",\"potentialAction\":[{\"@type\":\"ReadAction\",\"target\":[\"https:\\\/\\\/osbf.nu\\\/index.php\\\/villkor\\\/\"]}]},{\"@type\":\"BreadcrumbList\",\"@id\":\"https:\\\/\\\/osbf.nu\\\/index.php\\\/villkor\\\/#breadcrumb\",\"itemListElement\":[{\"@type\":\"ListItem\",\"position\":1,\"name\":\"Hem\",\"item\":\"https:\\\/\\\/osbf.nu\\\/\"},{\"@type\":\"ListItem\",\"position\":2,\"name\":\"Villkor\"}]},{\"@type\":\"WebSite\",\"@id\":\"https:\\\/\\\/osbf.nu\\\/#website\",\"url\":\"https:\\\/\\\/osbf.nu\\\/\",\"name\":\"\u00d6SB F\u00f6rs\u00e4kringar\",\"description\":\"B\u00e5tf\u00f6rs\u00e4kringar f\u00f6r kustfolk\",\"publisher\":{\"@id\":\"https:\\\/\\\/osbf.nu\\\/#organization\"},\"potentialAction\":[{\"@type\":\"SearchAction\",\"target\":{\"@type\":\"EntryPoint\",\"urlTemplate\":\"https:\\\/\\\/osbf.nu\\\/?s={search_term_string}\"},\"query-input\":{\"@type\":\"PropertyValueSpecification\",\"valueRequired\":true,\"valueName\":\"search_term_string\"}}],\"inLanguage\":\"sv-SE\"},{\"@type\":\"Organization\",\"@id\":\"https:\\\/\\\/osbf.nu\\\/#organization\",\"name\":\"\u00d6SB F\u00f6rs\u00e4kring\",\"url\":\"https:\\\/\\\/osbf.nu\\\/\",\"logo\":{\"@type\":\"ImageObject\",\"inLanguage\":\"sv-SE\",\"@id\":\"https:\\\/\\\/osbf.nu\\\/#\\\/schema\\\/logo\\\/image\\\/\",\"url\":\"https:\\\/\\\/osbf.nu\\\/wp-content\\\/uploads\\\/2022\\\/03\\\/O\u0308SB-logga-fo\u0308r-webb.png\",\"contentUrl\":\"https:\\\/\\\/osbf.nu\\\/wp-content\\\/uploads\\\/2022\\\/03\\\/O\u0308SB-logga-fo\u0308r-webb.png\",\"width\":526,\"height\":209,\"caption\":\"\u00d6SB F\u00f6rs\u00e4kring\"},\"image\":{\"@id\":\"https:\\\/\\\/osbf.nu\\\/#\\\/schema\\\/logo\\\/image\\\/\"}}]}<\/script>\n<!-- \/ Yoast SEO plugin. -->","yoast_head_json":{"title":"Villkor - \u00d6SB F\u00f6rs\u00e4kringar","robots":{"index":"index","follow":"follow","max-snippet":"max-snippet:-1","max-image-preview":"max-image-preview:large","max-video-preview":"max-video-preview:-1"},"canonical":"https:\/\/osbf.nu\/index.php\/villkor\/","og_locale":"sv_SE","og_type":"article","og_title":"Villkor - \u00d6SB F\u00f6rs\u00e4kringar","og_description":"VillkorF\u00f6r den som vill n\u00f6rda ner sig i v\u00e5ra fullst\u00e4ndiga villkor och v\u00e5r produktfakta finns det tillg\u00e4ngligt p\u00e5 den h\u00e4r sidan!Fullst\u00e4ndiga villkor fritidsb\u00e5t En fullst\u00e4ndig \u00f6versikt \u00f6ver v\u00e5ra villkor. Produktfaktablad fritidsb\u00e5t H\u00e4r finna alla fakta samlade om v\u00e5r produkt.","og_url":"https:\/\/osbf.nu\/index.php\/villkor\/","og_site_name":"\u00d6SB F\u00f6rs\u00e4kringar","article_modified_time":"2025-08-25T09:18:15+00:00","twitter_card":"summary_large_image","schema":{"@context":"https:\/\/schema.org","@graph":[{"@type":"WebPage","@id":"https:\/\/osbf.nu\/index.php\/villkor\/","url":"https:\/\/osbf.nu\/index.php\/villkor\/","name":"Villkor - \u00d6SB F\u00f6rs\u00e4kringar","isPartOf":{"@id":"https:\/\/osbf.nu\/#website"},"datePublished":"2024-10-02T09:53:55+00:00","dateModified":"2025-08-25T09:18:15+00:00","breadcrumb":{"@id":"https:\/\/osbf.nu\/index.php\/villkor\/#breadcrumb"},"inLanguage":"sv-SE","potentialAction":[{"@type":"ReadAction","target":["https:\/\/osbf.nu\/index.php\/villkor\/"]}]},{"@type":"BreadcrumbList","@id":"https:\/\/osbf.nu\/index.php\/villkor\/#breadcrumb","itemListElement":[{"@type":"ListItem","position":1,"name":"Hem","item":"https:\/\/osbf.nu\/"},{"@type":"ListItem","position":2,"name":"Villkor"}]},{"@type":"WebSite","@id":"https:\/\/osbf.nu\/#website","url":"https:\/\/osbf.nu\/","name":"\u00d6SB F\u00f6rs\u00e4kringar","description":"B\u00e5tf\u00f6rs\u00e4kringar f\u00f6r kustfolk","publisher":{"@id":"https:\/\/osbf.nu\/#organization"},"potentialAction":[{"@type":"SearchAction","target":{"@type":"EntryPoint","urlTemplate":"https:\/\/osbf.nu\/?s={search_term_string}"},"query-input":{"@type":"PropertyValueSpecification","valueRequired":true,"valueName":"search_term_string"}}],"inLanguage":"sv-SE"},{"@type":"Organization","@id":"https:\/\/osbf.nu\/#organization","name":"\u00d6SB F\u00f6rs\u00e4kring","url":"https:\/\/osbf.nu\/","logo":{"@type":"ImageObject","inLanguage":"sv-SE","@id":"https:\/\/osbf.nu\/#\/schema\/logo\/image\/","url":"https:\/\/osbf.nu\/wp-content\/uploads\/2022\/03\/O\u0308SB-logga-fo\u0308r-webb.png","contentUrl":"https:\/\/osbf.nu\/wp-content\/uploads\/2022\/03\/O\u0308SB-logga-fo\u0308r-webb.png","width":526,"height":209,"caption":"\u00d6SB F\u00f6rs\u00e4kring"},"image":{"@id":"https:\/\/osbf.nu\/#\/schema\/logo\/image\/"}}]}},"jetpack_sharing_enabled":true,"_links":{"self":[{"href":"https:\/\/osbf.nu\/index.php\/wp-json\/wp\/v2\/pages\/1600","targetHints":{"allow":["GET"]}}],"collection":[{"href":"https:\/\/osbf.nu\/index.php\/wp-json\/wp\/v2\/pages"}],"about":[{"href":"https:\/\/osbf.nu\/index.php\/wp-json\/wp\/v2\/types\/page"}],"author":[{"embeddable":true,"href":"https:\/\/osbf.nu\/index.php\/wp-json\/wp\/v2\/users\/1"}],"replies":[{"embeddable":true,"href":"https:\/\/osbf.nu\/index.php\/wp-json\/wp\/v2\/comments?post=1600"}],"version-history":[{"count":8,"href":"https:\/\/osbf.nu\/index.php\/wp-json\/wp\/v2\/pages\/1600\/revisions"}],"predecessor-version":[{"id":1802,"href":"https:\/\/osbf.nu\/index.php\/wp-json\/wp\/v2\/pages\/1600\/revisions\/1802"}],"wp:attachment":[{"href":"https:\/\/osbf.nu\/index.php\/wp-json\/wp\/v2\/media?parent=1600"}],"curies":[{"name":"wp","href":"https:\/\/api.w.org\/{rel}","templated":true}]}}